{"id":31,"date":"2026-01-20T16:14:32","date_gmt":"2026-01-20T15:14:32","guid":{"rendered":"https:\/\/griselda-concierge.com\/?page_id=31"},"modified":"2026-02-09T18:39:13","modified_gmt":"2026-02-09T17:39:13","slug":"acceuil","status":"publish","type":"page","link":"https:\/\/griselda-concierge.com\/","title":{"rendered":"Accueil"},"content":{"rendered":"\t\t<div data-elementor-type=\"wp-page\" data-elementor-id=\"31\" class=\"elementor elementor-31\">\n\t\t\t\t<div class=\"elementor-element elementor-element-7e8b918 e-flex e-con-boxed e-con e-parent\" data-id=\"7e8b918\" data-element_type=\"container\">\n\t\t\t\t\t<div class=\"e-con-inner\">\n\t\t\t\t<div class=\"elementor-element elementor-element-e38ae56 elementor-widget elementor-widget-heading\" data-id=\"e38ae56\" data-element_type=\"widget\" data-widget_type=\"heading.default\">\n\t\t\t\t\t<h1 class=\"elementor-heading-title elementor-size-default\"><span style=\"font-family: inherit;font-size: 2.5rem\">Accueil<\/span><\/h1>\t\t\t\t<\/div>\n\t\t\t\t\t<\/div>\n\t\t\t\t<\/div>\n\t\t<div class=\"elementor-element elementor-element-0964a94 e-flex e-con-boxed e-con e-parent\" data-id=\"0964a94\" data-element_type=\"container\">\n\t\t\t\t\t<div class=\"e-con-inner\">\n\t\t\t\t<div class=\"elementor-element elementor-element-bf350ab elementor-widget elementor-widget-image\" data-id=\"bf350ab\" data-element_type=\"widget\" data-widget_type=\"image.default\">\n\t\t\t\t\t\t\t\t\t\t\t\t\t\t\t<img fetchpriority=\"high\" decoding=\"async\" width=\"1024\" height=\"1024\" src=\"http:\/\/griselda-concierge.com\/wp-content\/uploads\/2026\/01\/generated-image-1.png\" class=\"attachment-2048x2048 size-2048x2048 wp-image-256\" alt=\"\" srcset=\"http:\/\/griselda-concierge.com\/wp-content\/uploads\/2026\/01\/generated-image-1.png 1024w, http:\/\/griselda-concierge.com\/wp-content\/uploads\/2026\/01\/generated-image-1-300x300.png 300w, http:\/\/griselda-concierge.com\/wp-content\/uploads\/2026\/01\/generated-image-1-150x150.png 150w, http:\/\/griselda-concierge.com\/wp-content\/uploads\/2026\/01\/generated-image-1-768x768.png 768w\" sizes=\"(max-width: 1024px) 100vw, 1024px\" \/>\t\t\t\t\t\t\t\t\t\t\t\t\t\t\t<\/div>\n\t\t\t\t\t<\/div>\n\t\t\t\t<\/div>\n\t\t<div class=\"elementor-element elementor-element-dea6b8f e-flex e-con-boxed e-con e-parent\" data-id=\"dea6b8f\" data-element_type=\"container\">\n\t\t\t\t\t<div class=\"e-con-inner\">\n\t\t\t\t<div class=\"elementor-element elementor-element-6888f0b elementor-widget elementor-widget-text-editor\" data-id=\"6888f0b\" data-element_type=\"widget\" data-widget_type=\"text-editor.default\">\n\t\t\t\t\t\t\t\t\t<p>Marrakech est une ville de silences, de portes closes et de savoir-faire transmis.<\/p><p>Ici, le luxe ne se revendique pas. Il se reconna\u00eet dans la tenue et la constance.<\/p><p>GRISELDA g\u00e8re des biens s\u00e9lectionn\u00e9s \u00e0 Marrakech dans un cadre op\u00e9rationnel strict.<\/p><ul><li>Nous s\u00e9lectionnons les propri\u00e9t\u00e9s.<\/li><li>Nous filtrons les voyageurs.<\/li><li>Nous assumons la responsabilit\u00e9 op\u00e9rationnelle compl\u00e8te.<\/li><\/ul><p>GRISELDA n\u2019est pas une plateforme.<\/p><p>C\u2019est un op\u00e9rateur de gestion \u2014 une maison avant d\u2019\u00eatre une conciergerie.<\/p>\t\t\t\t\t\t\t\t<\/div>\n\t\t\t\t\t<\/div>\n\t\t\t\t<\/div>\n\t\t<div class=\"elementor-element elementor-element-55a396b e-flex e-con-boxed e-con e-parent\" data-id=\"55a396b\" data-element_type=\"container\">\n\t\t\t\t\t<div class=\"e-con-inner\">\n\t\t\t\t<div class=\"elementor-element elementor-element-76c208f elementor-widget elementor-widget-heading\" data-id=\"76c208f\" data-element_type=\"widget\" data-widget_type=\"heading.default\">\n\t\t\t\t\t<h2 class=\"elementor-heading-title elementor-size-default\"><span style=\"font-family: inherit;font-size: 2rem\">Ce que GRISELDA ne fait pas<\/span><\/h2>\t\t\t\t<\/div>\n\t\t\t\t\t<\/div>\n\t\t\t\t<\/div>\n\t\t<div class=\"elementor-element elementor-element-0c96359 e-flex e-con-boxed e-con e-parent\" data-id=\"0c96359\" data-element_type=\"container\">\n\t\t\t\t\t<div class=\"e-con-inner\">\n\t\t\t\t<div class=\"elementor-element elementor-element-799505a elementor-widget elementor-widget-text-editor\" data-id=\"799505a\" data-element_type=\"widget\" data-widget_type=\"text-editor.default\">\n\t\t\t\t\t\t\t\t\t<ul><li>Nous ne g\u00e9rons pas tous les biens<\/li><li>Nous ne tol\u00e9rons pas les f\u00eates, nuisances ou usages abusifs<\/li><li>Nous n\u2019op\u00e9rons jamais sans cadre contractuel clair<\/li><li>Nous refusons les biens non conformes ou mal pr\u00e9par\u00e9s<\/li><li>Nous ne promettons pas de rendements irr\u00e9alistes<\/li><\/ul>\t\t\t\t\t\t\t\t<\/div>\n\t\t\t\t\t<\/div>\n\t\t\t\t<\/div>\n\t\t<div class=\"elementor-element elementor-element-2637fb0 e-flex e-con-boxed e-con e-parent\" data-id=\"2637fb0\" data-element_type=\"container\">\n\t\t\t\t\t<div class=\"e-con-inner\">\n\t\t\t\t<div class=\"elementor-element elementor-element-e0aad84 elementor-widget elementor-widget-heading\" data-id=\"e0aad84\" data-element_type=\"widget\" data-widget_type=\"heading.default\">\n\t\t\t\t\t<h2 class=\"elementor-heading-title elementor-size-default\">\u00a0\u00c0 qui s\u2019adresse GRISELDA<\/h2>\t\t\t\t<\/div>\n\t\t\t\t\t<\/div>\n\t\t\t\t<\/div>\n\t\t<div class=\"elementor-element elementor-element-948d062 e-flex e-con-boxed e-con e-parent\" data-id=\"948d062\" data-element_type=\"container\">\n\t\t\t\t\t<div class=\"e-con-inner\">\n\t\t\t\t<div class=\"elementor-element elementor-element-8fc2732 elementor-widget elementor-widget-text-editor\" data-id=\"8fc2732\" data-element_type=\"widget\" data-widget_type=\"text-editor.default\">\n\t\t\t\t\t\t\t\t\t<ul><li>Propri\u00e9taires souhaitant d\u00e9l\u00e9guer sans perdre le contr\u00f4le<\/li><li>Propri\u00e9taires privil\u00e9giant la stabilit\u00e9 \u00e0 l\u2019improvisation<\/li><li>Propri\u00e9taires acceptant des r\u00e8gles claires et appliqu\u00e9es<\/li><li>Propri\u00e9taires recherchant une gestion professionnelle et responsable<\/li><\/ul>\t\t\t\t\t\t\t\t<\/div>\n\t\t\t\t\t<\/div>\n\t\t\t\t<\/div>\n\t\t<div class=\"elementor-element elementor-element-567e5ae e-flex e-con-boxed e-con e-parent\" data-id=\"567e5ae\" data-element_type=\"container\">\n\t\t\t\t\t<div class=\"e-con-inner\">\n\t\t\t\t<div class=\"elementor-element elementor-element-c6d8b27 elementor-widget elementor-widget-heading\" data-id=\"c6d8b27\" data-element_type=\"widget\" data-widget_type=\"heading.default\">\n\t\t\t\t\t<h2 class=\"elementor-heading-title elementor-size-default\">\u00a0Processus<\/h2>\t\t\t\t<\/div>\n\t\t\t\t\t<\/div>\n\t\t\t\t<\/div>\n\t\t<div class=\"elementor-element elementor-element-7364e5f e-flex e-con-boxed e-con e-parent\" data-id=\"7364e5f\" data-element_type=\"container\">\n\t\t\t\t\t<div class=\"e-con-inner\">\n\t\t\t\t<div class=\"elementor-element elementor-element-1bd57d4 elementor-widget elementor-widget-text-editor\" data-id=\"1bd57d4\" data-element_type=\"widget\" data-widget_type=\"text-editor.default\">\n\t\t\t\t\t\t\t\t\t<ol><li>Audit et \u00e9valuation du bien<\/li><li>Validation selon nos standards<\/li><li>Mise en exploitation contr\u00f4l\u00e9e<\/li><li>Suivi r\u00e9gulier et reporting<\/li><\/ol>\t\t\t\t\t\t\t\t<\/div>\n\t\t\t\t\t<\/div>\n\t\t\t\t<\/div>\n\t\t<div class=\"elementor-element elementor-element-d88bc22 e-flex e-con-boxed e-con e-parent\" data-id=\"d88bc22\" data-element_type=\"container\">\n\t\t\t\t\t<div class=\"e-con-inner\">\n\t\t\t\t<div class=\"elementor-element elementor-element-1076136 elementor-widget elementor-widget-button\" data-id=\"1076136\" data-element_type=\"widget\" data-widget_type=\"button.default\">\n\t\t\t\t\t\t\t\t\t\t<a class=\"elementor-button elementor-button-link elementor-size-sm\" href=\"https:\/\/griselda-concierge.com\/index.php\/contact\/\">\n\t\t\t\t\t\t<span class=\"elementor-button-content-wrapper\">\n\t\t\t\t\t\t\t\t\t<span class=\"elementor-button-text\">Soumettre mon bien \u00e0 \u00e9valuation<\/span>\n\t\t\t\t\t<\/span>\n\t\t\t\t\t<\/a>\n\t\t\t\t\t\t\t\t<\/div>\n\t\t\t\t\t<\/div>\n\t\t\t\t<\/div>\n\t\t\t\t<\/div>\n\t\t","protected":false},"excerpt":{"rendered":"<p>Accueil Marrakech est une ville de silences, de portes closes et de savoir-faire transmis. Ici, le luxe ne se revendique pas. Il se reconna\u00eet dans la tenue et la constance. GRISELDA g\u00e8re des biens s\u00e9lectionn\u00e9s \u00e0 Marrakech dans un cadre op\u00e9rationnel strict. Nous s\u00e9lectionnons les propri\u00e9t\u00e9s. Nous filtrons les voyageurs. Nous assumons la responsabilit\u00e9 op\u00e9rationnelle [&hellip;]<\/p>\n","protected":false},"author":1,"featured_media":0,"parent":0,"menu_order":0,"comment_status":"closed","ping_status":"closed","template":"","meta":{"footnotes":""},"class_list":["post-31","page","type-page","status-publish","hentry"],"_links":{"self":[{"href":"https:\/\/griselda-concierge.com\/index.php\/wp-json\/wp\/v2\/pages\/31","targetHints":{"allow":["GET"]}}],"collection":[{"href":"https:\/\/griselda-concierge.com\/index.php\/wp-json\/wp\/v2\/pages"}],"about":[{"href":"https:\/\/griselda-concierge.com\/index.php\/wp-json\/wp\/v2\/types\/page"}],"author":[{"embeddable":true,"href":"https:\/\/griselda-concierge.com\/index.php\/wp-json\/wp\/v2\/users\/1"}],"replies":[{"embeddable":true,"href":"https:\/\/griselda-concierge.com\/index.php\/wp-json\/wp\/v2\/comments?post=31"}],"version-history":[{"count":43,"href":"https:\/\/griselda-concierge.com\/index.php\/wp-json\/wp\/v2\/pages\/31\/revisions"}],"predecessor-version":[{"id":267,"href":"https:\/\/griselda-concierge.com\/index.php\/wp-json\/wp\/v2\/pages\/31\/revisions\/267"}],"wp:attachment":[{"href":"https:\/\/griselda-concierge.com\/index.php\/wp-json\/wp\/v2\/media?parent=31"}],"curies":[{"name":"wp","href":"https:\/\/api.w.org\/{rel}","templated":true}]}}