{"id":57,"date":"2026-01-20T17:06:19","date_gmt":"2026-01-20T16:06:19","guid":{"rendered":"https:\/\/griselda-concierge.com\/?page_id=57"},"modified":"2026-02-09T18:42:52","modified_gmt":"2026-02-09T17:42:52","slug":"contact","status":"publish","type":"page","link":"https:\/\/griselda-concierge.com\/index.php\/contact\/","title":{"rendered":"Contact"},"content":{"rendered":"\t\t<div data-elementor-type=\"wp-page\" data-elementor-id=\"57\" class=\"elementor elementor-57\">\n\t\t\t\t<div class=\"elementor-element elementor-element-8ab242d e-flex e-con-boxed e-con e-parent\" data-id=\"8ab242d\" data-element_type=\"container\">\n\t\t\t\t\t<div class=\"e-con-inner\">\n\t\t\t\t<div class=\"elementor-element elementor-element-151e83a elementor-widget elementor-widget-heading\" data-id=\"151e83a\" data-element_type=\"widget\" data-widget_type=\"heading.default\">\n\t\t\t\t\t<h1 class=\"elementor-heading-title elementor-size-default\"><span style=\"font-family: inherit;font-size: 2.5rem\">Entrer en contact, dans un cadre structur\u00e9<\/span><span style=\"font-family: inherit;font-size: 2.5rem\"><\/span><br><\/h1>\t\t\t\t<\/div>\n\t\t\t\t\t<\/div>\n\t\t\t\t<\/div>\n\t\t<div class=\"elementor-element elementor-element-64c92fc e-flex e-con-boxed e-con e-parent\" data-id=\"64c92fc\" data-element_type=\"container\">\n\t\t\t\t\t<div class=\"e-con-inner\">\n\t\t\t\t<div class=\"elementor-element elementor-element-5d42156 elementor-widget elementor-widget-text-editor\" data-id=\"5d42156\" data-element_type=\"widget\" data-widget_type=\"text-editor.default\">\n\t\t\t\t\t\t\t\t\t<p>Avant toute collaboration, nous \u00e9valuons la compatibilit\u00e9 du bien avec notre mod\u00e8le op\u00e9rationnel.<\/p><p>GRISELDA intervient sur un nombre volontairement limit\u00e9 de propri\u00e9t\u00e9s, afin de garantir un niveau de qualit\u00e9, de stabilit\u00e9 et de responsabilit\u00e9 constant.<\/p><p>Cette premi\u00e8re prise de contact nous permet de :<\/p><ul><li>V\u00e9rifier la conformit\u00e9 du bien<\/li><li>Analyser son potentiel r\u00e9el<\/li><li>\u00c9valuer son ad\u00e9quation avec nos standards<\/li><li>Poser un cadre clair d\u00e8s le d\u00e9part<\/li><\/ul><p><em>L\u2019\u00e9valuation est gratuite, confidentielle et sans engagement.<\/em><\/p>\t\t\t\t\t\t\t\t<\/div>\n\t\t\t\t\t<\/div>\n\t\t\t\t<\/div>\n\t\t<div class=\"elementor-element elementor-element-c8ed2e3 e-flex e-con-boxed e-con e-parent\" data-id=\"c8ed2e3\" data-element_type=\"container\">\n\t\t\t\t\t<div class=\"e-con-inner\">\n\t\t\t\t<div class=\"elementor-element elementor-element-76289a2 elementor-widget elementor-widget-heading\" data-id=\"76289a2\" data-element_type=\"widget\" data-widget_type=\"heading.default\">\n\t\t\t\t\t<h1 class=\"elementor-heading-title elementor-size-default\"><span style=\"font-family: inherit;font-size: 2rem\">Propri\u00e9taires \u2014 Soumettre un bien \u00e0 \u00e9valuation<\/span><span style=\"font-family: inherit;font-size: 2rem\"><\/span><br><\/h1>\t\t\t\t<\/div>\n\t\t\t\t\t<\/div>\n\t\t\t\t<\/div>\n\t\t<div class=\"elementor-element elementor-element-3b00ed3 e-flex e-con-boxed e-con e-parent\" data-id=\"3b00ed3\" data-element_type=\"container\">\n\t\t\t\t\t<div class=\"e-con-inner\">\n\t\t\t\t<div class=\"elementor-element elementor-element-b371dbf elementor-widget elementor-widget-text-editor\" data-id=\"b371dbf\" data-element_type=\"widget\" data-widget_type=\"text-editor.default\">\n\t\t\t\t\t\t\t\t\t<p><strong>Ce processus nous permet de :<\/strong><\/p><ul><li>V\u00e9rifier la conformit\u00e9 du bien<\/li><li>Analyser son potentiel r\u00e9el<\/li><li>\u00c9valuer son alignement avec nos standards<\/li><\/ul><p><em>L\u2019\u00e9valuation est gratuite, confidentielle et sans engagement.<\/em><\/p><p>GRISELDA travaille avec un nombre volontairement limit\u00e9 de propri\u00e9taires.<\/p><p>Si vous souhaitez soumettre un bien \u00e0 \u00e9valuation ou nous contacter concernant la gestion, merci d\u2019utiliser les informations ci-dessous.<\/p><p><strong>Email :<\/strong> <a href=\"mailto:contact@griselda-concierge.com\">contact@griselda-concierge.com<\/a><\/p>\t\t\t\t\t\t\t\t<\/div>\n\t\t\t\t\t<\/div>\n\t\t\t\t<\/div>\n\t\t<div class=\"elementor-element elementor-element-0fa91a8 e-flex e-con-boxed e-con e-parent\" data-id=\"0fa91a8\" data-element_type=\"container\">\n\t\t\t\t\t<div class=\"e-con-inner\">\n\t\t\t\t<div class=\"elementor-element elementor-element-4239b3d elementor-widget elementor-widget-button\" data-id=\"4239b3d\" data-element_type=\"widget\" data-widget_type=\"button.default\">\n\t\t\t\t\t\t\t\t\t\t<a class=\"elementor-button elementor-button-link elementor-size-sm\" href=\"https:\/\/griselda-concierge.com\/index.php\/contact\/\">\n\t\t\t\t\t\t<span class=\"elementor-button-content-wrapper\">\n\t\t\t\t\t\t\t\t\t<span class=\"elementor-button-text\">Soumettre mon bien \u00e0 \u00e9valuation<\/span>\n\t\t\t\t\t<\/span>\n\t\t\t\t\t<\/a>\n\t\t\t\t\t\t\t\t<\/div>\n\t\t\t\t\t<\/div>\n\t\t\t\t<\/div>\n\t\t\t\t<\/div>\n\t\t","protected":false},"excerpt":{"rendered":"<p>Entrer en contact, dans un cadre structur\u00e9 Avant toute collaboration, nous \u00e9valuons la compatibilit\u00e9 du bien avec notre mod\u00e8le op\u00e9rationnel. GRISELDA intervient sur un nombre volontairement limit\u00e9 de propri\u00e9t\u00e9s, afin de garantir un niveau de qualit\u00e9, de stabilit\u00e9 et de responsabilit\u00e9 constant. Cette premi\u00e8re prise de contact nous permet de : V\u00e9rifier la conformit\u00e9 du [&hellip;]<\/p>\n","protected":false},"author":1,"featured_media":0,"parent":0,"menu_order":0,"comment_status":"closed","ping_status":"closed","template":"","meta":{"footnotes":""},"class_list":["post-57","page","type-page","status-publish","hentry"],"_links":{"self":[{"href":"https:\/\/griselda-concierge.com\/index.php\/wp-json\/wp\/v2\/pages\/57","targetHints":{"allow":["GET"]}}],"collection":[{"href":"https:\/\/griselda-concierge.com\/index.php\/wp-json\/wp\/v2\/pages"}],"about":[{"href":"https:\/\/griselda-concierge.com\/index.php\/wp-json\/wp\/v2\/types\/page"}],"author":[{"embeddable":true,"href":"https:\/\/griselda-concierge.com\/index.php\/wp-json\/wp\/v2\/users\/1"}],"replies":[{"embeddable":true,"href":"https:\/\/griselda-concierge.com\/index.php\/wp-json\/wp\/v2\/comments?post=57"}],"version-history":[{"count":19,"href":"https:\/\/griselda-concierge.com\/index.php\/wp-json\/wp\/v2\/pages\/57\/revisions"}],"predecessor-version":[{"id":270,"href":"https:\/\/griselda-concierge.com\/index.php\/wp-json\/wp\/v2\/pages\/57\/revisions\/270"}],"wp:attachment":[{"href":"https:\/\/griselda-concierge.com\/index.php\/wp-json\/wp\/v2\/media?parent=57"}],"curies":[{"name":"wp","href":"https:\/\/api.w.org\/{rel}","templated":true}]}}